{"id":2,"date":"2025-12-18T09:23:07","date_gmt":"2025-12-18T12:23:07","guid":{"rendered":"http:\/\/teatrofranciscano.com.br\/?page_id=2"},"modified":"2026-03-11T20:20:48","modified_gmt":"2026-03-11T23:20:48","slug":"pagina-exemplo","status":"publish","type":"page","link":"https:\/\/teatrofranciscano.com.br\/?page_id=2","title":{"rendered":"Como chegar"},"content":{"rendered":"\n<p>Rua Senhor Bom Jesus dos Passos, n\u00ba 235 &#8211; Bairro Ferreira (Regi\u00e3o da Vila S\u00f4nia) &#8211; S\u00e3o Paulo\/SP<\/p>\n\n\n\n<blockquote class=\"wp-block-quote is-layout-flow wp-block-quote-is-layout-flow\"><\/blockquote>\n\n\n\t\t<div\n            id=\"wpmapblock_0e43cbf4\"\n            data-settings='{&quot;map_marker&quot;:[{&quot;id&quot;:&quot;0&quot;,&quot;lat&quot;:&quot;-23.597114380084&quot;,&quot;lng&quot;:&quot;-46.74302816391&quot;,&quot;title&quot;:&quot;Teatro Franciscano Frei Nicolau Leurs&quot;,&quot;content&quot;:&quot;&quot;,&quot;iconType&quot;:&quot;default&quot;,&quot;customIconUrl&quot;:&quot;&quot;,&quot;customIconWidth&quot;:&quot;25&quot;,&quot;customIconHeight&quot;:&quot;40&quot;}],&quot;map_zoom&quot;:&quot;15&quot;,&quot;scroll_wheel_zoom&quot;:false,&quot;map_type&quot;:&quot;GM&quot;,&quot;center_index&quot;:0}'\n            class=\"wpmapblockrender\"\n            style=\"\n\t\t\twidth: 100%;\n\t\t\theight: 500px;\n\t\t\"\n            >\n        <\/div>\n        \n\n\n<p><\/p>\n","protected":false},"excerpt":{"rendered":"<p>Rua Senhor Bom Jesus dos Passos, n\u00ba 235 &#8211; Bairro Ferreira (Regi\u00e3o da Vila S\u00f4nia) &#8211; S\u00e3o Paulo\/SP<\/p>\n","protected":false},"author":1,"featured_media":0,"parent":0,"menu_order":0,"comment_status":"closed","ping_status":"open","template":"","meta":{"footnotes":""},"class_list":["post-2","page","type-page","status-publish","hentry"],"_links":{"self":[{"href":"https:\/\/teatrofranciscano.com.br\/index.php?rest_route=\/wp\/v2\/pages\/2","targetHints":{"allow":["GET"]}}],"collection":[{"href":"https:\/\/teatrofranciscano.com.br\/index.php?rest_route=\/wp\/v2\/pages"}],"about":[{"href":"https:\/\/teatrofranciscano.com.br\/index.php?rest_route=\/wp\/v2\/types\/page"}],"author":[{"embeddable":true,"href":"https:\/\/teatrofranciscano.com.br\/index.php?rest_route=\/wp\/v2\/users\/1"}],"replies":[{"embeddable":true,"href":"https:\/\/teatrofranciscano.com.br\/index.php?rest_route=%2Fwp%2Fv2%2Fcomments&post=2"}],"version-history":[{"count":3,"href":"https:\/\/teatrofranciscano.com.br\/index.php?rest_route=\/wp\/v2\/pages\/2\/revisions"}],"predecessor-version":[{"id":56,"href":"https:\/\/teatrofranciscano.com.br\/index.php?rest_route=\/wp\/v2\/pages\/2\/revisions\/56"}],"wp:attachment":[{"href":"https:\/\/teatrofranciscano.com.br\/index.php?rest_route=%2Fwp%2Fv2%2Fmedia&parent=2"}],"curies":[{"name":"wp","href":"https:\/\/api.w.org\/{rel}","templated":true}]}}